{"id":10,"date":"2019-10-08T13:58:16","date_gmt":"2019-10-08T13:58:16","guid":{"rendered":"https:\/\/spacecomposite.co\/?page_id=10"},"modified":"2019-10-25T09:22:19","modified_gmt":"2019-10-25T09:22:19","slug":"anasayfa","status":"publish","type":"page","link":"https:\/\/spacecomposite.co\/","title":{"rendered":"Anasayfa"},"content":{"rendered":"\n<div class=\"slider-wrapper relative\" id=\"slider-1620700695\" >\n    <div class=\"slider slider-nav-circle slider-nav-large slider-nav-light slider-style-normal\"\n        data-flickity-options='{\n            \"cellAlign\": \"center\",\n            \"imagesLoaded\": true,\n            \"lazyLoad\": 1,\n            \"freeScroll\": false,\n            \"wrapAround\": true,\n            \"autoPlay\": 6000,\n            \"pauseAutoPlayOnHover\" : true,\n            \"prevNextButtons\": true,\n            \"contain\" : true,\n            \"adaptiveHeight\" : true,\n            \"dragThreshold\" : 10,\n            \"percentPosition\": true,\n            \"pageDots\": true,\n            \"rightToLeft\": false,\n            \"draggable\": true,\n            \"selectedAttraction\": 0.1,\n            \"parallax\" : 0,\n            \"friction\": 0.6        }'\n        >\n        \n\n\n  <div class=\"banner has-hover is-full-height\" id=\"banner-2146469945\">\n          <div class=\"banner-inner fill\">\n        <div class=\"banner-bg fill\" >\n            <div class=\"bg fill bg-fill \"><\/div>\n                                    \n                    <\/div><!-- bg-layers -->\n        <div class=\"banner-layers container\">\n            <div class=\"fill banner-link\"><\/div>            \n\n   <div id=\"text-box-2674784\" class=\"text-box banner-layer x5 md-x80 lg-x80 y50 md-y50 lg-y50 res-text\">\n              <div data-parallax=\"-1\" data-parallax-fade=\"true\">       <div data-animate=\"fadeInUp\">           <div class=\"text \">\n              \n              <div class=\"text-inner text-right\">\n                  \n\n<h3 class=\"uppercase\"><strong>fiberglass FRP Rebar<\/strong><\/h3>\n<p>Y\u00fcksel mukavemetli cam elyaf\u0131 ile re\u00e7ine bile\u015fenlerinden olu\u015fur. Dayan\u0131kl\u0131, paslanmaz, ekonomik ve y\u00fcksek mukavemetli v.b \u00f6zellikleri ta\u015f\u0131d\u0131\u011f\u0131ndan dolay\u0131\u00a0<strong>FRP \u00fcr\u00fcn\u00fc<\/strong>\u00a0\u015firketimizi sekt\u00f6r\u00fcnde rekabet\u00e7i bir firma olma avantaj\u0131 kazand\u0131rmaktad\u0131r.<\/p>\n\n              <\/div>\n           <\/div><!-- text-box-inner -->\n       <\/div>       <\/div>              \n<style scope=\"scope\">\n\n#text-box-2674784 .text-inner {\n  padding: 0px 22px 0px 0px;\n}\n#text-box-2674784 {\n  width: 77%;\n}\n#text-box-2674784 .text {\n  font-size: 100%;\n}\n\n\n@media (min-width:550px) {\n\n  #text-box-2674784 {\n    width: 40%;\n  }\n\n}\n<\/style>\n    <\/div><!-- text-box -->\n \n\n        <\/div><!-- .banner-layers -->\n      <\/div><!-- .banner-inner -->\n\n            \n<style scope=\"scope\">\n\n#banner-2146469945 {\n  padding-top: 100%;\n}\n#banner-2146469945 .bg.bg-loaded {\n  background-image: url(https:\/\/spacecomposite.co\/wp-content\/uploads\/2019\/10\/Artboard-2.jpg);\n}\n#banner-2146469945 .bg {\n  background-position: 50% 50%;\n}\n<\/style>\n  <\/div><!-- .banner -->\n\n\n\n     <\/div>\n\n     <div class=\"loading-spin dark large centered\"><\/div>\n\n     <style scope=\"scope\">\n             <\/style>\n<\/div><!-- .ux-slider-wrapper -->\n\n\n<div class=\"row row-collapse row-full-width\"  id=\"row-1574668044\">\n\n<div class=\"col medium-4 small-12 large-4\"  ><div class=\"col-inner\"  >\n\n\n  <div class=\"banner has-hover bg-zoom-fade\" id=\"banner-1920457828\">\n          <div class=\"banner-inner fill\">\n        <div class=\"banner-bg fill\" >\n            <div class=\"bg fill bg-fill \"><\/div>\n                                    \n                    <\/div><!-- bg-layers -->\n        <div class=\"banner-layers container\">\n            <a class=\"fill\" href=\"https:\/\/spacecomposite.co\/?page_id=14\"><div class=\"fill banner-link\"><\/div><\/a>            \n\n   <div id=\"text-box-2135174041\" class=\"text-box banner-layer x5 md-x5 lg-x5 y5 md-y5 lg-y5 res-text\">\n                                <div class=\"text \">\n              \n              <div class=\"text-inner text-left\">\n                  \n\n<h4 class=\"uppercase\">FRP Rebar<\/h4>\n<h2 class=\"uppercase\"><strong>Nedir ?<\/strong><\/h2>\n<a href=\"https:\/\/spacecomposite.co\/?page_id=14\" target=\"_self\" class=\"button white is-outline\"  style=\"border-radius:6px;\">\n    <span>Detayl\u0131 Bilgi i\u00e7in<\/span>\n  <i class=\"icon-angle-right\" ><\/i><\/a>\n\n\n\n              <\/div>\n           <\/div><!-- text-box-inner -->\n                            \n<style scope=\"scope\">\n\n#text-box-2135174041 {\n  width: 75%;\n}\n#text-box-2135174041 .text {\n  font-size: 100%;\n}\n<\/style>\n    <\/div><!-- text-box -->\n \n\n        <\/div><!-- .banner-layers -->\n      <\/div><!-- .banner-inner -->\n\n            \n<style scope=\"scope\">\n\n#banner-1920457828 {\n  padding-top: 250px;\n}\n#banner-1920457828 .bg.bg-loaded {\n  background-image: url(https:\/\/spacecomposite.co\/wp-content\/uploads\/2019\/10\/0006_Layer-4.jpg);\n}\n#banner-1920457828 .bg {\n  background-position: 42% 18%;\n}\n<\/style>\n  <\/div><!-- .banner -->\n\n\n\n<\/div><\/div>\n<div class=\"col medium-4 small-12 large-4\"  ><div class=\"col-inner\"  >\n\n\n  <div class=\"banner has-hover bg-zoom-fade\" id=\"banner-1351887571\">\n          <div class=\"banner-inner fill\">\n        <div class=\"banner-bg fill\" >\n            <div class=\"bg fill bg-fill \"><\/div>\n                                    \n                    <\/div><!-- bg-layers -->\n        <div class=\"banner-layers container\">\n            <a class=\"fill\" href=\"https:\/\/spacecomposite.co\/?page_id=100\"><div class=\"fill banner-link\"><\/div><\/a>            \n\n   <div id=\"text-box-952006047\" class=\"text-box banner-layer x50 md-x50 lg-x50 y5 md-y5 lg-y5 res-text\">\n                                <div class=\"text \">\n              \n              <div class=\"text-inner text-center\">\n                  \n\n<h4 class=\"uppercase\">Fiberglass \u0130n\u015faat demiri FRP<\/h4>\n<h2 class=\"uppercase\"><strong>sertifikalar<\/strong><\/h2>\n<a href=\"https:\/\/spacecomposite.co\/?page_id=100\" target=\"_self\" class=\"button white is-outline is-large\"  style=\"border-radius:6px;\">\n    <span>Detayl\u0131 Bilgi i\u00e7in<\/span>\n  <i class=\"icon-angle-right\" ><\/i><\/a>\n\n\n\n              <\/div>\n           <\/div><!-- text-box-inner -->\n                            \n<style scope=\"scope\">\n\n#text-box-952006047 {\n  width: 70%;\n}\n#text-box-952006047 .text {\n  font-size: 100%;\n}\n<\/style>\n    <\/div><!-- text-box -->\n \n\n        <\/div><!-- .banner-layers -->\n      <\/div><!-- .banner-inner -->\n\n            \n<style scope=\"scope\">\n\n#banner-1351887571 {\n  padding-top: 250px;\n}\n#banner-1351887571 .bg.bg-loaded {\n  background-image: url(https:\/\/spacecomposite.co\/wp-content\/uploads\/2019\/10\/0004_Layer-6.jpg);\n}\n#banner-1351887571 .bg {\n  background-position: 50% 57%;\n}\n<\/style>\n  <\/div><!-- .banner -->\n\n\n\n<\/div><\/div>\n<div class=\"col medium-4 small-12 large-4\"  ><div class=\"col-inner\"  >\n\n\n  <div class=\"banner has-hover bg-zoom-fade\" id=\"banner-2103187376\">\n          <div class=\"banner-inner fill\">\n        <div class=\"banner-bg fill\" >\n            <div class=\"bg fill bg-fill \"><\/div>\n                                    \n                    <\/div><!-- bg-layers -->\n        <div class=\"banner-layers container\">\n            <a class=\"fill\" href=\"https:\/\/spacecomposite.co\/?page_id=96\"><div class=\"fill banner-link\"><\/div><\/a>            \n\n   <div id=\"text-box-407005732\" class=\"text-box banner-layer x95 md-x95 lg-x95 y5 md-y5 lg-y5 res-text\">\n                                <div class=\"text \">\n              \n              <div class=\"text-inner text-right\">\n                  \n\n<h4 class=\"uppercase\">Fiberglass \u0130n\u015faat Demiri<\/h4>\n<h2 class=\"uppercase\"><strong>kullan\u0131m alanlar\u0131<\/strong><\/h2>\n<a href=\"https:\/\/spacecomposite.co\/?page_id=96\" target=\"_self\" class=\"button white is-outline\"  style=\"border-radius:6px;\">\n    <span>detayl\u0131 bilgi i\u00e7in<\/span>\n  <i class=\"icon-angle-right\" ><\/i><\/a>\n\n\n\n              <\/div>\n           <\/div><!-- text-box-inner -->\n                            \n<style scope=\"scope\">\n\n#text-box-407005732 {\n  width: 78%;\n}\n#text-box-407005732 .text {\n  font-size: 100%;\n}\n<\/style>\n    <\/div><!-- text-box -->\n \n\n        <\/div><!-- .banner-layers -->\n      <\/div><!-- .banner-inner -->\n\n            \n<style scope=\"scope\">\n\n#banner-2103187376 {\n  padding-top: 250px;\n}\n#banner-2103187376 .bg.bg-loaded {\n  background-image: url(https:\/\/spacecomposite.co\/wp-content\/uploads\/2019\/10\/0000_Layer-10.jpg);\n}\n#banner-2103187376 .bg {\n  background-position: 31% 0%;\n}\n<\/style>\n  <\/div><!-- .banner -->\n\n\n\n<\/div><\/div>\n\n\n<style scope=\"scope\">\n\n<\/style>\n<\/div>\n<div class=\"row align-center\"  id=\"row-612241614\">\n\n<div class=\"col medium-7 small-12 large-7\"  ><div class=\"col-inner text-center\" style=\"padding:40px 0px 0px 0px;\" >\n\n<h2 class=\"uppercase\"><span style=\"font-size: 160%;\">fiberglass FRP rebar<\/span><\/h2>\n<p><strong>Fiberglass FRP<\/strong> epoksi kapl\u0131 in\u015faat demiri betonarme yap\u0131y\u0131 g\u00fc\u00e7lendirmek i\u00e7in kullan\u0131lan bir \u00fcr\u00fcnd\u00fcr. Genellikle yurt d\u0131\u015f\u0131nda re bar olarak ta tan\u0131mlanmaktad\u0131r. Yeni nesil in\u015faat demiriniz FBR Rebar ile tan\u0131\u015f\u0131n.<\/p>\n<a href=\"https:\/\/spacecomposite.co\/?page_id=14\" target=\"_self\" class=\"button primary is-outline is-small\"  style=\"border-radius:99px;\">\n    <span>Detayl\u0131 bilgi i\u00e7in<\/span>\n  <i class=\"icon-angle-right\" ><\/i><\/a>\n\n\n<a href=\"http:\/\/shop\" target=\"_self\" class=\"button primary is-small\"  style=\"border-radius:99px;\">\n    <span>Bizi  Hemen Aray\u0131n<\/span>\n  <\/a>\n\n\n\n<\/div><\/div>\n\n\n<style scope=\"scope\">\n\n<\/style>\n<\/div>\n\n  <div class=\"banner has-hover has-parallax\" id=\"banner-1698271670\">\n          <div class=\"banner-inner fill\">\n        <div class=\"banner-bg fill\" data-parallax=\"-3\" data-parallax-container=\".banner\" data-parallax-background>\n            <div class=\"bg fill bg-fill \"><\/div>\n                                    \n                    <\/div><!-- bg-layers -->\n        <div class=\"banner-layers container\">\n            <div class=\"fill banner-link\"><\/div>            \n\n\n        <\/div><!-- .banner-layers -->\n      <\/div><!-- .banner-inner -->\n\n            \n<style scope=\"scope\">\n\n#banner-1698271670 {\n  padding-top: 426px;\n}\n#banner-1698271670 .bg.bg-loaded {\n  background-image: 8093;\n}\n#banner-1698271670 .bg {\n  background-position: 72% 78%;\n}\n<\/style>\n  <\/div><!-- .banner -->\n\n\n<div class=\"container section-title-container\" style=\"margin-top:30px;\"><h3 class=\"section-title section-title-center\"><b><\/b><span class=\"section-title-main\" >kaynak\u00e7a<\/span><b><\/b><\/h3><\/div><!-- .section-title -->\n\n\n  \n    <div class=\"row large-columns-2 medium-columns- small-columns-1 slider row-slider slider-nav-circle slider-nav-outside\"  data-flickity-options='{\"imagesLoaded\": true, \"groupCells\": \"100%\", \"dragThreshold\" : 5, \"cellAlign\": \"left\",\"wrapAround\": true,\"prevNextButtons\": true,\"percentPosition\": true,\"pageDots\": false, \"rightToLeft\": false, \"autoPlay\" : false}'>\n\n  <\/div>\n\n\n","protected":false},"excerpt":{"rendered":"","protected":false},"author":1,"featured_media":0,"parent":0,"menu_order":0,"comment_status":"closed","ping_status":"closed","template":"page-blank.php","meta":[],"_links":{"self":[{"href":"https:\/\/spacecomposite.co\/index.php?rest_route=\/wp\/v2\/pages\/10"}],"collection":[{"href":"https:\/\/spacecomposite.co\/index.php?rest_route=\/wp\/v2\/pages"}],"about":[{"href":"https:\/\/spacecomposite.co\/index.php?rest_route=\/wp\/v2\/types\/page"}],"author":[{"embeddable":true,"href":"https:\/\/spacecomposite.co\/index.php?rest_route=\/wp\/v2\/users\/1"}],"replies":[{"embeddable":true,"href":"https:\/\/spacecomposite.co\/index.php?rest_route=%2Fwp%2Fv2%2Fcomments&post=10"}],"version-history":[{"count":16,"href":"https:\/\/spacecomposite.co\/index.php?rest_route=\/wp\/v2\/pages\/10\/revisions"}],"predecessor-version":[{"id":142,"href":"https:\/\/spacecomposite.co\/index.php?rest_route=\/wp\/v2\/pages\/10\/revisions\/142"}],"wp:attachment":[{"href":"https:\/\/spacecomposite.co\/index.php?rest_route=%2Fwp%2Fv2%2Fmedia&parent=10"}],"curies":[{"name":"wp","href":"https:\/\/api.w.org\/{rel}","templated":true}]}}