{"id":12,"date":"2019-10-08T13:58:34","date_gmt":"2019-10-08T13:58:34","guid":{"rendered":"https:\/\/spacecomposite.co\/?page_id=12"},"modified":"2019-10-28T13:22:39","modified_gmt":"2019-10-28T13:22:39","slug":"hakkimizda","status":"publish","type":"page","link":"https:\/\/spacecomposite.co\/?page_id=12","title":{"rendered":"Hakk\u0131m\u0131zda"},"content":{"rendered":"\n\n\t\t<div class=\"tabbed-content\">\n\t\t\t<h4 class=\"uppercase text-left\">hakk\u0131m\u0131zda<\/h4>\n\t\t\t<ul class=\"nav nav-line nav-vertical nav-uppercase nav-size-normal nav-left\"><li class=\"tab active has-icon\"><a href=\"#tab_space-compos\u0131te\"><span>Space Compos\u0131te<\/span><\/a><\/li>\n<li class=\"tab has-icon\"><a href=\"#tab_misyonumuz\"><span>misyonumuz<\/span><\/a><\/li>\n<li class=\"tab has-icon\"><a href=\"#tab_vizyonumuz\"><span>vizyonumuz<\/span><\/a><\/li>\n<li class=\"tab has-icon\"><a href=\"#tab_ilkelerimiz\"><span>ilkelerimiz<\/span><\/a><\/li>\n<li class=\"tab has-icon\"><a href=\"#tab_kalite-politikam\u0131z\"><span>kalite politikam\u0131z<\/span><\/a><\/li><\/ul><div class=\"tab-panels\"><div class=\"panel active entry-content\" id=\"tab_space-compos\u0131te\">\n\n<p>Space Kompozit \u0130malat A.\u015e., 2018 y\u0131l\u0131nda kurulmu\u015f ve \u00a0\u201c\u0130n\u015faat sekt\u00f6r\u00fcnde yayg\u0131n kullan\u0131lan \u00e7eli\u011fe alternatif \u00fcretmek i\u00e7in fiber elyaf takviyeli kompozit \u00e7ubuklar\u0131n\u0131n betonda donat\u0131 malzemesi olarak kullan\u0131lmas\u0131\u201d ilkesiyle y\u00fcksek teknolojili \u00fcr\u00fcn\u00fc ile yola \u00e7\u0131karak T\u00fcrkiye\u2019de ve D\u00fcnyada alan\u0131nda lider olmay\u0131 hedeflemektedir.<\/p>\n<p>\u015eirketimizin b\u00fcnyesinde alan\u0131nda uzman y\u00fcksek m\u00fchendis kadromuz ile kendi patentimize sahip teknolojilerimiz arac\u0131l\u0131\u011f\u0131yla en \u00fcst kalitede \u00fcr\u00fcn \u00fcretebilir seviyedeyiz.<\/p>\n<p>\u00dcretim s\u00fcreci, ful otomasyon inf\u00fcsyon sistemi ile s\u0131k\u0131 kalite kontrol\u00fc \u00e7er\u00e7evesinde ger\u00e7ekle\u015fmektedir.<\/p>\n<p>\u00dcr\u00fcnlerimiz kendi laboratuar\u0131m\u0131zda ISO 10406-1:2015 standard\u0131na uygun olarak test edilmektedir.<\/p>\n<p>En y\u00fcksek kalitede \u00fcretimimizi s\u00fcrd\u00fcrebilmek i\u00e7in alan\u0131nda uzman sertifikal\u0131 test laboratuvarlar\u0131 ve \u00fcniversite ara\u015ft\u0131rma enstit\u00fcleri ile s\u0131k\u0131 ileti\u015fim i\u00e7erisindeyiz.<\/p>\n<p class=\"p2\"><strong>Neden Spaca Komposit A.\u015e ?<\/strong><\/p>\n<p class=\"p2\">\u00c7\u00fcnk\u00fc y\u00fcksek kalitede \u00fcretiriz, test ederek g\u00fcven veririz, m\u00fc\u015fteri memnuniyetini \u00f6nemseriz!<\/p>\n\n<\/div>\n<div class=\"panel entry-content\" id=\"tab_misyonumuz\">\n\n<p class=\"p1\">\u015eirketimiz yetenek ve kapasitesi do\u011frultusunda, m\u00fc\u015fterilerimiz t\u00fcm \u00fcr\u00fcn ve hizmet beklentilerini d\u00fcnya standartlar\u0131nda kar\u015f\u0131lamak<\/p>\n<p class=\"p1\">M\u00fc\u015fterilerimizin, \u00e7al\u0131\u015fanlar\u0131m\u0131z ve hissedarlar\u0131m\u0131z\u0131n memnuniyetlerini art\u0131rmak<\/p>\n<p class=\"p1\">Ama\u00e7lar\u0131m\u0131z\u0131 \u00e7evreye ve do\u011faya zarar vermeden, ili\u015fkide oldu\u011fumuz kurum ve ki\u015filerle uyum i\u00e7erisinde ger\u00e7ekle\u015ftirmek<\/p>\n<p class=\"p1\">D\u00fcnya \u00fclke ve b\u00f6lge ekonomisine katk\u0131da bulunmak<\/p>\n<p class=\"p1\">Mevcut ve yeni \u00fcr\u00fcnlerimiz ile faaliyet b\u00f6lgelerimizin geli\u015fiminde \u00f6nemli roller almak.<\/p>\n\n<\/div>\n<div class=\"panel entry-content\" id=\"tab_vizyonumuz\">\n\n<p>Yu\u0308ksek teknolojili u\u0308ru\u0308nler ile sanayinin gereksinimi olan paslanmaz,yu\u0308ksek mukavemetli,kaliteli Fiberglass komposit in\u015faat demiri u\u0308ru\u0308nlerin tu\u0308keticiye sunulmas\u0131nda \u00f6ncu\u0308 ve lider olmak.<\/p>\n\n<\/div>\n<div class=\"panel entry-content\" id=\"tab_ilkelerimiz\">\n\n<ul>\n<li class=\"p2\">Geli\u015fime ve de\u011fi\u015fime a\u00e7\u0131kl\u0131k<\/li>\n<li class=\"p2\">M\u00fc\u015fteri memnuniyeti<\/li>\n<li class=\"p2\">Kalite<\/li>\n<li class=\"p2\">Etkinlik, verimlilik ve yeterlilik<\/li>\n<li class=\"p2\">G\u00fcvenilirlik<\/li>\n<li class=\"p2\">\u015eeffafl\u0131k<\/li>\n<li class=\"p2\">D\u00fcr\u00fcstl\u00fck<\/li>\n<li class=\"p3\">Adalet<\/li>\n<li class=\"p2\">Hizmet A\u015fk\u0131<\/li>\n<li class=\"p2\">Hizmetlerde \u00f6nderlik ve \u00f6rneklik<\/li>\n<li class=\"p3\">Kat\u0131l\u0131mc\u0131l\u0131k<\/li>\n<\/ul>\n\n<\/div>\n<div class=\"panel entry-content\" id=\"tab_kalite-politikam\u0131z\">\n\n<p class=\"p2\">Uluslararas\u0131 d\u00fczeyde in\u015faat sekt\u00f6r\u00fcnde yenilik\u00e7i ve g\u00fcvenilir yakla\u015f\u0131mlarla m\u00fc\u015fterilerine, kaliteli hizmeti ve \u00fcr\u00fcnleri sunmak,<\/p>\n<p class=\"p2\">M\u00fc\u015fterilerine, \u00fclke ekonomisine ve sekt\u00f6re katma de\u011fer sa\u011flayan referans marka olmak ve en iyi \u015fekilde temsil etmek<\/p>\n<p class=\"p3\">\u00c7evre ve toplum i\u00e7in \u00e7al\u0131\u015fmalar\u0131m\u0131z\u0131 en etkin ve verimli \u015fekilde s\u00fcrd\u00fcrmek,<\/p>\n\n<\/div><\/div><\/div>\n\n","protected":false},"excerpt":{"rendered":"","protected":false},"author":1,"featured_media":0,"parent":0,"menu_order":0,"comment_status":"closed","ping_status":"closed","template":"","meta":[],"_links":{"self":[{"href":"https:\/\/spacecomposite.co\/index.php?rest_route=\/wp\/v2\/pages\/12"}],"collection":[{"href":"https:\/\/spacecomposite.co\/index.php?rest_route=\/wp\/v2\/pages"}],"about":[{"href":"https:\/\/spacecomposite.co\/index.php?rest_route=\/wp\/v2\/types\/page"}],"author":[{"embeddable":true,"href":"https:\/\/spacecomposite.co\/index.php?rest_route=\/wp\/v2\/users\/1"}],"replies":[{"embeddable":true,"href":"https:\/\/spacecomposite.co\/index.php?rest_route=%2Fwp%2Fv2%2Fcomments&post=12"}],"version-history":[{"count":3,"href":"https:\/\/spacecomposite.co\/index.php?rest_route=\/wp\/v2\/pages\/12\/revisions"}],"predecessor-version":[{"id":150,"href":"https:\/\/spacecomposite.co\/index.php?rest_route=\/wp\/v2\/pages\/12\/revisions\/150"}],"wp:attachment":[{"href":"https:\/\/spacecomposite.co\/index.php?rest_route=%2Fwp%2Fv2%2Fmedia&parent=12"}],"curies":[{"name":"wp","href":"https:\/\/api.w.org\/{rel}","templated":true}]}}