{"id":16,"date":"2019-10-08T14:00:58","date_gmt":"2019-10-08T14:00:58","guid":{"rendered":"https:\/\/spacecomposite.co\/?page_id=16"},"modified":"2019-10-28T13:23:46","modified_gmt":"2019-10-28T13:23:46","slug":"iletisim","status":"publish","type":"page","link":"https:\/\/spacecomposite.co\/?page_id=16","title":{"rendered":"\u0130leti\u015fim"},"content":{"rendered":"\n<div class=\"row\"  id=\"row-368469481\">\n\n<div class=\"col medium-6 small-12 large-6\"  ><div class=\"col-inner\"  >\n\n<p><strong>Space Kompoz<\/strong><strong>it \u0130malat A.\u015e <\/strong><\/p>\n<p><strong>T\u00fcrkiye Genel Merkez<br \/><\/strong>Maslak Mahallesi Eski B\u00fcy\u00fckdere Caddesi Giz2000 Plaza No:7 Kat 11 Sar\u0131yer\/\u0130stanbul<\/p>\n<p><strong>Tel<\/strong>: 009 0212 294 07 45<br \/><strong>Email: <\/strong>info@spacecomposite.co<\/p>\n<p><strong>Rusya Genel Merkez<br \/><\/strong>Baikalskaya steret 23 YV\/6-2 Irkutsk\/Rusia<\/p>\n<p><strong>Tel:<\/strong> +79025605841<br \/><strong>Email: <\/strong>russia@spacecomposite.co<\/p>\n<p><strong>Afrika Genel Merkez<br \/><\/strong>Khartoom Sudan<\/p>\n<p><strong>Tel: <\/strong>+249111845555<br \/><strong>Tel: <\/strong>+249120120558<br \/><strong>Email: <\/strong>africa@spacecomposite.co<\/p>\n<p><strong>Teknik Ofis<br \/><\/strong>Perpa Ticaret Merkezi B Blok No:646-647 Kat:6 Okmeydan\u0131 \u015ei\u015fli\/\u0130stanbul<\/p>\n<p><strong>Tel: <\/strong>009 0212 221 3311<br \/><strong>Email:<\/strong> technical@spacecomposite.co<\/p>\n<p><strong>M\u00fchendislik Ofisi<br \/><\/strong>Emniyet Tepe mahallesi Ka\u015fgarl\u0131 Abdullah sokak No:9 Ka\u011f\u0131thane\/\u0130stanbul<\/p>\n<p><strong>Tel: <\/strong>009 0212 294 07 45<br \/><strong>Email:<\/strong> engineering@spacecomposite.co<\/p>\n<p><strong>\u00dcretim Merkezi<br \/><\/strong>Tayakad\u0131n Mahallesi Yass\u0131\u00f6ren caddesi No:75\/H Arnavutk\u00f6y\/\u0130stanbul<br \/><strong>Email: <\/strong>production@spacecomposite.co<\/p>\n<p>\u00a0<\/p>\n\n<\/div><\/div>\n<div class=\"col medium-6 small-12 large-6\"  ><div class=\"col-inner\"  >\n\n\t<div class=\"img has-hover x md-x lg-x y md-y lg-y\" id=\"image_1496557856\">\n\t\t\t\t\t\t\t\t<div class=\"img-inner dark\" >\n\t\t\t<img width=\"631\" height=\"624\" src=\"https:\/\/spacecomposite.co\/wp-content\/uploads\/2019\/10\/sp-4.png\" class=\"attachment-large size-large\" alt=\"\" loading=\"lazy\" srcset=\"https:\/\/spacecomposite.co\/wp-content\/uploads\/2019\/10\/sp-4.png 631w, https:\/\/spacecomposite.co\/wp-content\/uploads\/2019\/10\/sp-4-300x297.png 300w\" sizes=\"(max-width: 631px) 100vw, 631px\" \/>\t\t\t\t\t\t\n\t\t\t\t\t<\/div>\n\t\t\t\t\t\t\t\t\n<style scope=\"scope\">\n\n#image_1496557856 {\n  width: 100%;\n}\n<\/style>\n\t<\/div>\n\t\n\n<div role=\"form\" class=\"wpcf7\" id=\"wpcf7-f140-o1\" lang=\"tr-TR\" dir=\"ltr\">\n<div class=\"screen-reader-response\"><\/div>\n<form action=\"\/index.php?rest_route=%2Fwp%2Fv2%2Fpages%2F16#wpcf7-f140-o1\" method=\"post\" class=\"wpcf7-form\" novalidate=\"novalidate\">\n<div style=\"display: none;\">\n<input type=\"hidden\" name=\"_wpcf7\" value=\"140\" \/>\n<input type=\"hidden\" name=\"_wpcf7_version\" value=\"5.1.4\" \/>\n<input type=\"hidden\" name=\"_wpcf7_locale\" value=\"tr_TR\" \/>\n<input type=\"hidden\" name=\"_wpcf7_unit_tag\" value=\"wpcf7-f140-o1\" \/>\n<input type=\"hidden\" name=\"_wpcf7_container_post\" value=\"0\" \/>\n<\/div>\n<p><label> Ad\u0131n\u0131z (gerekli)<br \/>\n    <span class=\"wpcf7-form-control-wrap your-name\"><input type=\"text\" name=\"your-name\" value=\"\" size=\"40\" class=\"wpcf7-form-control wpcf7-text wpcf7-validates-as-required\" aria-required=\"true\" aria-invalid=\"false\" \/><\/span> <\/label><\/p>\n<p><label> E-posta adresiniz (gerekli)<br \/>\n    <span class=\"wpcf7-form-control-wrap your-email\"><input type=\"email\" name=\"your-email\" value=\"\" size=\"40\" class=\"wpcf7-form-control wpcf7-text wpcf7-email wpcf7-validates-as-required wpcf7-validates-as-email\" aria-required=\"true\" aria-invalid=\"false\" \/><\/span> <\/label><\/p>\n<p><label> Konu<br \/>\n    <span class=\"wpcf7-form-control-wrap your-subject\"><input type=\"text\" name=\"your-subject\" value=\"\" size=\"40\" class=\"wpcf7-form-control wpcf7-text\" aria-invalid=\"false\" \/><\/span> <\/label><\/p>\n<p><label> \u0130letiniz<br \/>\n    <span class=\"wpcf7-form-control-wrap your-message\"><textarea name=\"your-message\" cols=\"40\" rows=\"10\" class=\"wpcf7-form-control wpcf7-textarea\" aria-invalid=\"false\"><\/textarea><\/span> <\/label><\/p>\n<p><input type=\"submit\" value=\"G\u00f6nder\" class=\"wpcf7-form-control wpcf7-submit\" \/><\/p>\n<div class=\"wpcf7-response-output wpcf7-display-none\"><\/div><\/form><\/div>\n\n\n<\/div><\/div>\n\n<\/div>\n\n","protected":false},"excerpt":{"rendered":"","protected":false},"author":1,"featured_media":0,"parent":0,"menu_order":0,"comment_status":"closed","ping_status":"closed","template":"","meta":[],"_links":{"self":[{"href":"https:\/\/spacecomposite.co\/index.php?rest_route=\/wp\/v2\/pages\/16"}],"collection":[{"href":"https:\/\/spacecomposite.co\/index.php?rest_route=\/wp\/v2\/pages"}],"about":[{"href":"https:\/\/spacecomposite.co\/index.php?rest_route=\/wp\/v2\/types\/page"}],"author":[{"embeddable":true,"href":"https:\/\/spacecomposite.co\/index.php?rest_route=\/wp\/v2\/users\/1"}],"replies":[{"embeddable":true,"href":"https:\/\/spacecomposite.co\/index.php?rest_route=%2Fwp%2Fv2%2Fcomments&post=16"}],"version-history":[{"count":7,"href":"https:\/\/spacecomposite.co\/index.php?rest_route=\/wp\/v2\/pages\/16\/revisions"}],"predecessor-version":[{"id":151,"href":"https:\/\/spacecomposite.co\/index.php?rest_route=\/wp\/v2\/pages\/16\/revisions\/151"}],"wp:attachment":[{"href":"https:\/\/spacecomposite.co\/index.php?rest_route=%2Fwp%2Fv2%2Fmedia&parent=16"}],"curies":[{"name":"wp","href":"https:\/\/api.w.org\/{rel}","templated":true}]}}