{"id":96,"date":"2019-10-09T13:41:51","date_gmt":"2019-10-09T13:41:51","guid":{"rendered":"https:\/\/spacecomposite.co\/?page_id=96"},"modified":"2019-10-09T13:42:43","modified_gmt":"2019-10-09T13:42:43","slug":"kullanim-alanlari","status":"publish","type":"page","link":"https:\/\/spacecomposite.co\/?page_id=96","title":{"rendered":"Kullan\u0131m Alanlar\u0131"},"content":{"rendered":"<div class=\"row\"  id=\"row-1277341138\">\n<div class=\"col medium-4 small-12 large-4\"  ><div class=\"col-inner\"  >\n\t<div class=\"box has-hover   has-hover box-text-bottom\" >\n\n\t\t<div class=\"box-image\" >\n\t\t\t\t\t\t<div class=\"\" >\n\t\t\t\t<img width=\"700\" height=\"480\" src=\"https:\/\/spacecomposite.co\/wp-content\/uploads\/2019\/10\/0009_Layer-1.jpg\" class=\"attachment- size-\" alt=\"\" loading=\"lazy\" srcset=\"https:\/\/spacecomposite.co\/wp-content\/uploads\/2019\/10\/0009_Layer-1.jpg 700w, https:\/\/spacecomposite.co\/wp-content\/uploads\/2019\/10\/0009_Layer-1-300x206.jpg 300w\" sizes=\"(max-width: 700px) 100vw, 700px\" \/>\t\t\t\t\t\t\t\t\t\t\t<\/div>\n\t\t\t\t\t<\/div><!-- box-image -->\n\n\t\t<div class=\"box-text text-center\" >\n\t\t\t<div class=\"box-text-inner\">\n\t\t\t\t\n<h4>Tu\u0308neller ve Barajlar<\/h4>\n\t\t\t<\/div><!-- box-text-inner -->\n\t\t<\/div><!-- box-text -->\n\t<\/div><!-- .box  -->\n\t\n<\/div><\/div>\n<div class=\"col medium-4 small-12 large-4\"  ><div class=\"col-inner\"  >\n\t<div class=\"box has-hover   has-hover box-text-bottom\" >\n\n\t\t<div class=\"box-image\" >\n\t\t\t\t\t\t<div class=\"\" >\n\t\t\t\t<img width=\"700\" height=\"480\" src=\"https:\/\/spacecomposite.co\/wp-content\/uploads\/2019\/10\/0008_Layer-2.jpg\" class=\"attachment- size-\" alt=\"\" loading=\"lazy\" srcset=\"https:\/\/spacecomposite.co\/wp-content\/uploads\/2019\/10\/0008_Layer-2.jpg 700w, https:\/\/spacecomposite.co\/wp-content\/uploads\/2019\/10\/0008_Layer-2-300x206.jpg 300w\" sizes=\"(max-width: 700px) 100vw, 700px\" \/>\t\t\t\t\t\t\t\t\t\t\t<\/div>\n\t\t\t\t\t<\/div><!-- box-image -->\n\n\t\t<div class=\"box-text text-center\" >\n\t\t\t<div class=\"box-text-inner\">\n\t\t\t\t\n<h4>Maden Tu\u0308nel<\/h4>\n\t\t\t<\/div><!-- box-text-inner -->\n\t\t<\/div><!-- box-text -->\n\t<\/div><!-- .box  -->\n\t\n<\/div><\/div>\n<div class=\"col medium-4 small-12 large-4\"  ><div class=\"col-inner\"  >\n\t<div class=\"box has-hover   has-hover box-text-bottom\" >\n\n\t\t<div class=\"box-image\" >\n\t\t\t\t\t\t<div class=\"\" >\n\t\t\t\t<img width=\"700\" height=\"480\" src=\"https:\/\/spacecomposite.co\/wp-content\/uploads\/2019\/10\/0007_Layer-3.jpg\" class=\"attachment- size-\" alt=\"\" loading=\"lazy\" srcset=\"https:\/\/spacecomposite.co\/wp-content\/uploads\/2019\/10\/0007_Layer-3.jpg 700w, https:\/\/spacecomposite.co\/wp-content\/uploads\/2019\/10\/0007_Layer-3-300x206.jpg 300w\" sizes=\"(max-width: 700px) 100vw, 700px\" \/>\t\t\t\t\t\t\t\t\t\t\t<\/div>\n\t\t\t\t\t<\/div><!-- box-image -->\n\n\t\t<div class=\"box-text text-center\" >\n\t\t\t<div class=\"box-text-inner\">\n\t\t\t\t\n<h4>\u0130n\u015faat Mu\u0308hendisli\u011fi<\/h4>\n\t\t\t<\/div><!-- box-text-inner -->\n\t\t<\/div><!-- box-text -->\n\t<\/div><!-- .box  -->\n\t\n<\/div><\/div>\n<\/div>\n\n\n<div class=\"row\"  id=\"row-2013714449\">\n<div class=\"col medium-4 small-12 large-4\"  ><div class=\"col-inner\"  >\n\t<div class=\"box has-hover   has-hover box-text-bottom\" >\n\n\t\t<div class=\"box-image\" >\n\t\t\t\t\t\t<div class=\"\" >\n\t\t\t\t<img width=\"700\" height=\"480\" src=\"https:\/\/spacecomposite.co\/wp-content\/uploads\/2019\/10\/0006_Layer-4.jpg\" class=\"attachment- size-\" alt=\"\" loading=\"lazy\" srcset=\"https:\/\/spacecomposite.co\/wp-content\/uploads\/2019\/10\/0006_Layer-4.jpg 700w, https:\/\/spacecomposite.co\/wp-content\/uploads\/2019\/10\/0006_Layer-4-300x206.jpg 300w\" sizes=\"(max-width: 700px) 100vw, 700px\" \/>\t\t\t\t\t\t\t\t\t\t\t<\/div>\n\t\t\t\t\t<\/div><!-- box-image -->\n\n\t\t<div class=\"box-text text-center\" >\n\t\t\t<div class=\"box-text-inner\">\n\t\t\t\t\n<h4>Seawall Dock<\/h4>\n\t\t\t<\/div><!-- box-text-inner -->\n\t\t<\/div><!-- box-text -->\n\t<\/div><!-- .box  -->\n\t\n<\/div><\/div>\n<div class=\"col medium-4 small-12 large-4\"  ><div class=\"col-inner\"  >\n\t<div class=\"box has-hover   has-hover box-text-bottom\" >\n\n\t\t<div class=\"box-image\" >\n\t\t\t\t\t\t<div class=\"\" >\n\t\t\t\t<img width=\"700\" height=\"480\" src=\"https:\/\/spacecomposite.co\/wp-content\/uploads\/2019\/10\/0005_Layer-5.jpg\" class=\"attachment- size-\" alt=\"\" loading=\"lazy\" srcset=\"https:\/\/spacecomposite.co\/wp-content\/uploads\/2019\/10\/0005_Layer-5.jpg 700w, https:\/\/spacecomposite.co\/wp-content\/uploads\/2019\/10\/0005_Layer-5-300x206.jpg 300w\" sizes=\"(max-width: 700px) 100vw, 700px\" \/>\t\t\t\t\t\t\t\t\t\t\t<\/div>\n\t\t\t\t\t<\/div><!-- box-image -->\n\n\t\t<div class=\"box-text text-center\" >\n\t\t\t<div class=\"box-text-inner\">\n\t\t\t\t\n<h4>Askeri Mu\u0308hendislik<\/h4>\n\t\t\t<\/div><!-- box-text-inner -->\n\t\t<\/div><!-- box-text -->\n\t<\/div><!-- .box  -->\n\t\n<\/div><\/div>\n<div class=\"col medium-4 small-12 large-4\"  ><div class=\"col-inner\"  >\n\t<div class=\"box has-hover   has-hover box-text-bottom\" >\n\n\t\t<div class=\"box-image\" >\n\t\t\t\t\t\t<div class=\"\" >\n\t\t\t\t<img width=\"700\" height=\"480\" src=\"https:\/\/spacecomposite.co\/wp-content\/uploads\/2019\/10\/0004_Layer-6.jpg\" class=\"attachment- size-\" alt=\"\" loading=\"lazy\" srcset=\"https:\/\/spacecomposite.co\/wp-content\/uploads\/2019\/10\/0004_Layer-6.jpg 700w, https:\/\/spacecomposite.co\/wp-content\/uploads\/2019\/10\/0004_Layer-6-300x206.jpg 300w\" sizes=\"(max-width: 700px) 100vw, 700px\" \/>\t\t\t\t\t\t\t\t\t\t\t<\/div>\n\t\t\t\t\t<\/div><!-- box-image -->\n\n\t\t<div class=\"box-text text-center\" >\n\t\t\t<div class=\"box-text-inner\">\n\t\t\t\t\n<h4>Yollar ve K\u00f6pru\u0308ler, Viyadu\u0308kler<\/h4>\n\t\t\t<\/div><!-- box-text-inner -->\n\t\t<\/div><!-- box-text -->\n\t<\/div><!-- .box  -->\n\t\n<\/div><\/div>\n<\/div>\n\n\n<div class=\"row\"  id=\"row-1822524762\">\n<div class=\"col medium-4 small-12 large-4\"  ><div class=\"col-inner\"  >\n\t<div class=\"box has-hover   has-hover box-text-bottom\" >\n\n\t\t<div class=\"box-image\" >\n\t\t\t\t\t\t<div class=\"\" >\n\t\t\t\t<img width=\"700\" height=\"480\" src=\"https:\/\/spacecomposite.co\/wp-content\/uploads\/2019\/10\/0003_Layer-7.jpg\" class=\"attachment- size-\" alt=\"\" loading=\"lazy\" srcset=\"https:\/\/spacecomposite.co\/wp-content\/uploads\/2019\/10\/0003_Layer-7.jpg 700w, https:\/\/spacecomposite.co\/wp-content\/uploads\/2019\/10\/0003_Layer-7-300x206.jpg 300w\" sizes=\"(max-width: 700px) 100vw, 700px\" \/>\t\t\t\t\t\t\t\t\t\t\t<\/div>\n\t\t\t\t\t<\/div><!-- box-image -->\n\n\t\t<div class=\"box-text text-center\" >\n\t\t\t<div class=\"box-text-inner\">\n\t\t\t\t\n<h4>Havaalan\u0131 Pist<\/h4>\n\t\t\t<\/div><!-- box-text-inner -->\n\t\t<\/div><!-- box-text -->\n\t<\/div><!-- .box  -->\n\t\n<\/div><\/div>\n<div class=\"col medium-4 small-12 large-4\"  ><div class=\"col-inner\"  >\n\t<div class=\"box has-hover   has-hover box-text-bottom\" >\n\n\t\t<div class=\"box-image\" >\n\t\t\t\t\t\t<div class=\"\" >\n\t\t\t\t<img width=\"700\" height=\"480\" src=\"https:\/\/spacecomposite.co\/wp-content\/uploads\/2019\/10\/0002_Layer-8.jpg\" class=\"attachment- size-\" alt=\"\" loading=\"lazy\" srcset=\"https:\/\/spacecomposite.co\/wp-content\/uploads\/2019\/10\/0002_Layer-8.jpg 700w, https:\/\/spacecomposite.co\/wp-content\/uploads\/2019\/10\/0002_Layer-8-300x206.jpg 300w\" sizes=\"(max-width: 700px) 100vw, 700px\" \/>\t\t\t\t\t\t\t\t\t\t\t<\/div>\n\t\t\t\t\t<\/div><!-- box-image -->\n\n\t\t<div class=\"box-text text-center\" >\n\t\t\t<div class=\"box-text-inner\">\n\t\t\t\t\n<h4>Da\u011f E\u011fim Destek<\/h4>\n\t\t\t<\/div><!-- box-text-inner -->\n\t\t<\/div><!-- box-text -->\n\t<\/div><!-- .box  -->\n\t\n<\/div><\/div>\n<div class=\"col medium-4 small-12 large-4\"  ><div class=\"col-inner\"  >\n\t<div class=\"box has-hover   has-hover box-text-bottom\" >\n\n\t\t<div class=\"box-image\" >\n\t\t\t\t\t\t<div class=\"\" >\n\t\t\t\t<img width=\"700\" height=\"480\" src=\"https:\/\/spacecomposite.co\/wp-content\/uploads\/2019\/10\/0001_Layer-9.jpg\" class=\"attachment- size-\" alt=\"\" loading=\"lazy\" srcset=\"https:\/\/spacecomposite.co\/wp-content\/uploads\/2019\/10\/0001_Layer-9.jpg 700w, https:\/\/spacecomposite.co\/wp-content\/uploads\/2019\/10\/0001_Layer-9-300x206.jpg 300w\" sizes=\"(max-width: 700px) 100vw, 700px\" \/>\t\t\t\t\t\t\t\t\t\t\t<\/div>\n\t\t\t\t\t<\/div><!-- box-image -->\n\n\t\t<div class=\"box-text text-center\" >\n\t\t\t<div class=\"box-text-inner\">\n\t\t\t\t\n<h4>Kal\u0131p ve Betonarme \u00c7al\u0131\u015fmalar\u0131<\/h4>\n\t\t\t<\/div><!-- box-text-inner -->\n\t\t<\/div><!-- box-text -->\n\t<\/div><!-- .box  -->\n\t\n<\/div><\/div>\n<\/div>\n","protected":false},"excerpt":{"rendered":"","protected":false},"author":1,"featured_media":0,"parent":0,"menu_order":0,"comment_status":"closed","ping_status":"closed","template":"page-blank-title-center.php","meta":[],"_links":{"self":[{"href":"https:\/\/spacecomposite.co\/index.php?rest_route=\/wp\/v2\/pages\/96"}],"collection":[{"href":"https:\/\/spacecomposite.co\/index.php?rest_route=\/wp\/v2\/pages"}],"about":[{"href":"https:\/\/spacecomposite.co\/index.php?rest_route=\/wp\/v2\/types\/page"}],"author":[{"embeddable":true,"href":"https:\/\/spacecomposite.co\/index.php?rest_route=\/wp\/v2\/users\/1"}],"replies":[{"embeddable":true,"href":"https:\/\/spacecomposite.co\/index.php?rest_route=%2Fwp%2Fv2%2Fcomments&post=96"}],"version-history":[{"count":1,"href":"https:\/\/spacecomposite.co\/index.php?rest_route=\/wp\/v2\/pages\/96\/revisions"}],"predecessor-version":[{"id":97,"href":"https:\/\/spacecomposite.co\/index.php?rest_route=\/wp\/v2\/pages\/96\/revisions\/97"}],"wp:attachment":[{"href":"https:\/\/spacecomposite.co\/index.php?rest_route=%2Fwp%2Fv2%2Fmedia&parent=96"}],"curies":[{"name":"wp","href":"https:\/\/api.w.org\/{rel}","templated":true}]}}